{"id":5873,"date":"2025-11-04T02:25:52","date_gmt":"2025-11-04T02:25:52","guid":{"rendered":"https:\/\/byrsahill.com\/?page_id=5873"},"modified":"2026-03-29T23:33:36","modified_gmt":"2026-03-29T23:33:36","slug":"mediterranean-cold-pressed-olive-oil","status":"publish","type":"page","link":"https:\/\/byrsahill.com\/fr\/mediterranean-cold-pressed-olive-oil\/","title":{"rendered":"Notre collection"},"content":{"rendered":"<div class=\"wp-block-uagb-container uagb-block-gffqidrf alignfull uagb-is-root-container\"><div class=\"uagb-container-inner-blocks-wrap\">\n<div class=\"wp-block-uagb-info-box uagb-block-2ootpfsz uagb-infobox__content-wrap  uagb-infobox-icon-above-title uagb-infobox-image-valign-top\"><div class=\"uagb-ifb-content\"><div class=\"uagb-ifb-title-wrap\"><h2 class=\"uagb-ifb-title\">Explorez notre collection<\/h2><\/div><p class=\"uagb-ifb-desc\">D\u00e9couvrez notre collection d\u2019huiles d\u2019olive press\u00e9es \u00e0 froid de M\u00e9diterran\u00e9e, inspir\u00e9e de la tradition tunisienne authentique et de la richesse de ses saveurs naturelles.<\/p><\/div><\/div>\n\n\n\n<div class=\"wp-block-uagb-container uagb-block-em1m3ep1\">\n<div class=\"wp-block-uagb-container uagb-block-dvgh7mde\">\n<div class=\"wp-block-uagb-image alignleft uagb-block-9x6pmdcn wp-block-uagb-image--layout-default wp-block-uagb-image--effect-static wp-block-uagb-image--align-left\"><figure class=\"wp-block-uagb-image__figure\"><img decoding=\"async\" srcset=\"https:\/\/byrsahill.com\/wp-content\/uploads\/2025\/11\/close-up-variety-olive-oil-olives-683x1024.jpg ,https:\/\/byrsahill.com\/wp-content\/uploads\/2025\/11\/close-up-variety-olive-oil-olives-scaled.jpg 780w, https:\/\/byrsahill.com\/wp-content\/uploads\/2025\/11\/close-up-variety-olive-oil-olives-scaled.jpg 360w\" sizes=\"auto, (max-width: 480px) 150px\" src=\"https:\/\/byrsahill.com\/wp-content\/uploads\/2025\/11\/close-up-variety-olive-oil-olives-683x1024.jpg\" alt=\"close up variety olive oil olives\" class=\"uag-image-5871\" width=\"540\" height=\"400\" title=\"gros plan vari\u00e9t\u00e9 huile d&#039;olive olives\" loading=\"lazy\" role=\"img\"\/><\/figure><\/div>\n\n\n\n<div class=\"wp-block-uagb-info-box uagb-block-ggsbtlop uagb-infobox__content-wrap  uagb-infobox-icon-above-title uagb-infobox-image-valign-top\"><div class=\"uagb-ifb-content\"><div class=\"uagb-ifb-title-wrap\"><h3 class=\"uagb-ifb-title\">GOURMET<\/h3><\/div><p class=\"uagb-ifb-desc\">Notre collection Premium est une v\u00e9ritable c\u00e9l\u00e9bration de la premi\u00e8re pression de la nature. \u00c9labor\u00e9e \u00e0 partir de jeunes olives vertes cueillies \u00e0 maturit\u00e9, elle r\u00e9v\u00e8le des notes vives et herbac\u00e9es ainsi qu\u2019une finale poivr\u00e9e distinctive.<\/p><\/div><\/div>\n\n\n\n<div class=\"wp-block-uagb-buttons uagb-buttons__outer-wrap uagb-btn__default-btn uagb-btn-tablet__default-btn uagb-btn-mobile__default-btn uagb-block-nfe2nvf0\"><div class=\"uagb-buttons__wrap uagb-buttons-layout-wrap\">\n<div class=\"wp-block-uagb-buttons-child uagb-buttons__outer-wrap uagb-block-h6b1m0qe wp-block-button\"><div class=\"uagb-button__wrapper\"><a class=\"uagb-buttons-repeater wp-block-button__link\" aria-label=\"\" href=\"https:\/\/byrsahill.com\/product-category\/gourmet\/\" rel=\"follow noopener\" target=\"_self\" role=\"button\"><div class=\"uagb-button__link\">En savoir plus<\/div><span class=\"uagb-button__icon uagb-button__icon-position-after\"><svg xmlns=\"https:\/\/www.w3.org\/2000\/svg\" viewbox=\"0 0 320 512\" aria-hidden=\"true\" focussable=\"false\"><path d=\"M96 480c-8.188 0-16.38-3.125-22.62-9.375c-12.5-12.5-12.5-32.75 0-45.25L242.8 256L73.38 86.63c-12.5-12.5-12.5-32.75 0-45.25s32.75-12.5 45.25 0l192 192c12.5 12.5 12.5 32.75 0 45.25l-192 192C112.4 476.9 104.2 480 96 480z\"><\/path><\/svg><\/span><\/a><\/div><\/div>\n<\/div><\/div>\n<\/div>\n\n\n\n<div class=\"wp-block-uagb-container uagb-block-ybjdeweg\">\n<div class=\"wp-block-uagb-image alignleft uagb-block-5zx4s9t7 wp-block-uagb-image--layout-default wp-block-uagb-image--effect-static wp-block-uagb-image--align-left\"><figure class=\"wp-block-uagb-image__figure\"><img decoding=\"async\" srcset=\"https:\/\/byrsahill.com\/wp-content\/uploads\/2025\/11\/chef-adding-oil-salad-819x1024.jpg ,https:\/\/byrsahill.com\/wp-content\/uploads\/2025\/11\/chef-adding-oil-salad-scaled.jpg 780w, https:\/\/byrsahill.com\/wp-content\/uploads\/2025\/11\/chef-adding-oil-salad-scaled.jpg 360w\" sizes=\"auto, (max-width: 480px) 150px\" src=\"https:\/\/byrsahill.com\/wp-content\/uploads\/2025\/11\/chef-adding-oil-salad-819x1024.jpg\" alt=\"chef adding oil salad\" class=\"uag-image-5870\" width=\"538\" height=\"400\" title=\"chef ajoutant une salade d&#039;huile\" loading=\"lazy\" role=\"img\"\/><\/figure><\/div>\n\n\n\n<div class=\"wp-block-uagb-info-box uagb-block-fh0ebnsj uagb-infobox__content-wrap  uagb-infobox-icon-above-title uagb-infobox-image-valign-top\"><div class=\"uagb-ifb-content\"><div class=\"uagb-ifb-title-wrap\"><h3 class=\"uagb-ifb-title\">MAESTRO<\/h3><\/div><p class=\"uagb-ifb-desc\">Inspir\u00e9e par le mode de vie m\u00e9diterran\u00e9en, MAESTRO apporte chaque jour harmonie et fra\u00eecheur \u00e0 votre table. Douce et l\u00e9g\u00e8re en go\u00fbt, elle offre l\u2019\u00e9quilibre parfait entre saveur et sant\u00e9 : riche en bienfaits naturels, tout en restant suffisamment l\u00e9g\u00e8re pour un usage quotidien.<\/p><\/div><\/div>\n\n\n\n<div class=\"wp-block-uagb-buttons uagb-buttons__outer-wrap uagb-btn__default-btn uagb-btn-tablet__default-btn uagb-btn-mobile__default-btn uagb-block-3ghyramn\"><div class=\"uagb-buttons__wrap uagb-buttons-layout-wrap\">\n<div class=\"wp-block-uagb-buttons-child uagb-buttons__outer-wrap uagb-block-a2wc7ghw wp-block-button\"><div class=\"uagb-button__wrapper\"><a class=\"uagb-buttons-repeater wp-block-button__link\" aria-label=\"\" href=\"https:\/\/byrsahill.com\/product-category\/maestro\/\" rel=\"follow noopener\" target=\"_self\" role=\"button\"><div class=\"uagb-button__link\">En savoir plus<\/div><span class=\"uagb-button__icon uagb-button__icon-position-after\"><svg xmlns=\"https:\/\/www.w3.org\/2000\/svg\" viewbox=\"0 0 320 512\" aria-hidden=\"true\" focussable=\"false\"><path d=\"M96 480c-8.188 0-16.38-3.125-22.62-9.375c-12.5-12.5-12.5-32.75 0-45.25L242.8 256L73.38 86.63c-12.5-12.5-12.5-32.75 0-45.25s32.75-12.5 45.25 0l192 192c12.5 12.5 12.5 32.75 0 45.25l-192 192C112.4 476.9 104.2 480 96 480z\"><\/path><\/svg><\/span><\/a><\/div><\/div>\n<\/div><\/div>\n<\/div>\n<\/div>\n<\/div><\/div>\n\n\n\n<p><\/p>","protected":false},"excerpt":{"rendered":"","protected":false},"author":1,"featured_media":0,"parent":0,"menu_order":0,"comment_status":"closed","ping_status":"closed","template":"","meta":{"_surecart_dashboard_logo_width":"180px","_surecart_dashboard_show_logo":true,"_surecart_dashboard_navigation_orders":true,"_surecart_dashboard_navigation_invoices":true,"_surecart_dashboard_navigation_subscriptions":true,"_surecart_dashboard_navigation_downloads":true,"_surecart_dashboard_navigation_billing":true,"_surecart_dashboard_navigation_account":true,"_uag_custom_page_level_css":"","site-sidebar-layout":"default","site-content-layout":"","ast-site-content-layout":"default","site-content-style":"default","site-sidebar-style":"default","ast-global-header-display":"","ast-banner-title-visibility":"","ast-main-header-display":"","ast-hfb-above-header-display":"","ast-hfb-below-header-display":"","ast-hfb-mobile-header-display":"","site-post-title":"disabled","ast-breadcrumbs-content":"","ast-featured-img":"","footer-sml-layout":"","ast-disable-related-posts":"","theme-transparent-header-meta":"","adv-header-id-meta":"","stick-header-meta":"","header-above-stick-meta":"","header-main-stick-meta":"","header-below-stick-meta":"","astra-migrate-meta-layouts":"set","ast-page-background-enabled":"default","ast-page-background-meta":{"desktop":{"background-color":"","background-image":"","background-repeat":"repeat","background-position":"center center","background-size":"auto","background-attachment":"scroll","background-type":"","background-media":"","overlay-type":"","overlay-color":"","overlay-opacity":"","overlay-gradient":""},"tablet":{"background-color":"","background-image":"","background-repeat":"repeat","background-position":"center center","background-size":"auto","background-attachment":"scroll","background-type":"","background-media":"","overlay-type":"","overlay-color":"","overlay-opacity":"","overlay-gradient":""},"mobile":{"background-color":"","background-image":"","background-repeat":"repeat","background-position":"center center","background-size":"auto","background-attachment":"scroll","background-type":"","background-media":"","overlay-type":"","overlay-color":"","overlay-opacity":"","overlay-gradient":""}},"ast-content-background-meta":{"desktop":{"background-color":"var(--ast-global-color-5)","background-image":"","background-repeat":"repeat","background-position":"center center","background-size":"auto","background-attachment":"scroll","background-type":"","background-media":"","overlay-type":"","overlay-color":"","overlay-opacity":"","overlay-gradient":""},"tablet":{"background-color":"var(--ast-global-color-5)","background-image":"","background-repeat":"repeat","background-position":"center center","background-size":"auto","background-attachment":"scroll","background-type":"","background-media":"","overlay-type":"","overlay-color":"","overlay-opacity":"","overlay-gradient":""},"mobile":{"background-color":"var(--ast-global-color-5)","background-image":"","background-repeat":"repeat","background-position":"center center","background-size":"auto","background-attachment":"scroll","background-type":"","background-media":"","overlay-type":"","overlay-color":"","overlay-opacity":"","overlay-gradient":""}},"footnotes":""},"class_list":["post-5873","page","type-page","status-publish","hentry"],"yoast_head":"<!-- This site is optimized with the Yoast SEO plugin v27.5 - https:\/\/yoast.com\/product\/yoast-seo-wordpress\/ -->\n<title>Our Collection - BYRSA HILL<\/title>\n<meta name=\"description\" content=\"Authentic Tunisian Mediterranean olive oil with rich natural flavor and traditional excellence.\" \/>\n<meta name=\"robots\" content=\"index, follow, max-snippet:-1, max-image-preview:large, max-video-preview:-1\" \/>\n<link rel=\"canonical\" href=\"https:\/\/byrsahill.com\/fr\/mediterranean-cold-pressed-olive-oil\/\" \/>\n<meta property=\"og:locale\" content=\"fr_FR\" \/>\n<meta property=\"og:type\" content=\"article\" \/>\n<meta property=\"og:title\" content=\"Our Collection - BYRSA HILL\" \/>\n<meta property=\"og:description\" content=\"Authentic Tunisian Mediterranean olive oil with rich natural flavor and traditional excellence.\" \/>\n<meta property=\"og:url\" content=\"https:\/\/byrsahill.com\/fr\/mediterranean-cold-pressed-olive-oil\/\" \/>\n<meta property=\"og:site_name\" content=\"BYRSA HILL\" \/>\n<meta property=\"article:modified_time\" content=\"2026-03-29T23:33:36+00:00\" \/>\n<meta property=\"og:image\" content=\"https:\/\/byrsahill.com\/wp-content\/uploads\/2025\/11\/close-up-variety-olive-oil-olives-683x1024.jpg\" \/>\n<meta name=\"twitter:card\" content=\"summary_large_image\" \/>\n<meta name=\"twitter:label1\" content=\"Dur\u00e9e de lecture estim\u00e9e\" \/>\n\t<meta name=\"twitter:data1\" content=\"1 minute\" \/>\n<script type=\"application\/ld+json\" class=\"yoast-schema-graph\">{\"@context\":\"https:\\\/\\\/schema.org\",\"@graph\":[{\"@type\":\"WebPage\",\"@id\":\"https:\\\/\\\/byrsahill.com\\\/mediterranean-cold-pressed-olive-oil\\\/\",\"url\":\"https:\\\/\\\/byrsahill.com\\\/mediterranean-cold-pressed-olive-oil\\\/\",\"name\":\"Our Collection - BYRSA HILL\",\"isPartOf\":{\"@id\":\"https:\\\/\\\/byrsahill.com\\\/?currency=cad\\\/#website\"},\"primaryImageOfPage\":{\"@id\":\"https:\\\/\\\/byrsahill.com\\\/mediterranean-cold-pressed-olive-oil\\\/#primaryimage\"},\"image\":{\"@id\":\"https:\\\/\\\/byrsahill.com\\\/mediterranean-cold-pressed-olive-oil\\\/#primaryimage\"},\"thumbnailUrl\":\"https:\\\/\\\/byrsahill.com\\\/wp-content\\\/uploads\\\/2025\\\/11\\\/close-up-variety-olive-oil-olives-683x1024.jpg\",\"datePublished\":\"2025-11-04T02:25:52+00:00\",\"dateModified\":\"2026-03-29T23:33:36+00:00\",\"description\":\"Authentic Tunisian Mediterranean olive oil with rich natural flavor and traditional excellence.\",\"breadcrumb\":{\"@id\":\"https:\\\/\\\/byrsahill.com\\\/mediterranean-cold-pressed-olive-oil\\\/#breadcrumb\"},\"inLanguage\":\"fr-FR\",\"potentialAction\":[{\"@type\":\"ReadAction\",\"target\":[\"https:\\\/\\\/byrsahill.com\\\/mediterranean-cold-pressed-olive-oil\\\/\"]}]},{\"@type\":\"ImageObject\",\"inLanguage\":\"fr-FR\",\"@id\":\"https:\\\/\\\/byrsahill.com\\\/mediterranean-cold-pressed-olive-oil\\\/#primaryimage\",\"url\":\"https:\\\/\\\/byrsahill.com\\\/wp-content\\\/uploads\\\/2025\\\/11\\\/close-up-variety-olive-oil-olives-683x1024.jpg\",\"contentUrl\":\"https:\\\/\\\/byrsahill.com\\\/wp-content\\\/uploads\\\/2025\\\/11\\\/close-up-variety-olive-oil-olives-683x1024.jpg\"},{\"@type\":\"BreadcrumbList\",\"@id\":\"https:\\\/\\\/byrsahill.com\\\/mediterranean-cold-pressed-olive-oil\\\/#breadcrumb\",\"itemListElement\":[{\"@type\":\"ListItem\",\"position\":1,\"name\":\"Home\",\"item\":\"https:\\\/\\\/byrsahill.com\\\/\"},{\"@type\":\"ListItem\",\"position\":2,\"name\":\"Our Collection\"}]},{\"@type\":\"WebSite\",\"@id\":\"https:\\\/\\\/byrsahill.com\\\/?currency=cad\\\/#website\",\"url\":\"https:\\\/\\\/byrsahill.com\\\/?currency=cad\\\/\",\"name\":\"BYRSA HILL\",\"description\":\"Old roots. New twist.\",\"publisher\":{\"@id\":\"https:\\\/\\\/byrsahill.com\\\/?currency=cad\\\/#organization\"},\"potentialAction\":[{\"@type\":\"SearchAction\",\"target\":{\"@type\":\"EntryPoint\",\"urlTemplate\":\"https:\\\/\\\/byrsahill.com\\\/?currency=cad\\\/?s={search_term_string}\"},\"query-input\":{\"@type\":\"PropertyValueSpecification\",\"valueRequired\":true,\"valueName\":\"search_term_string\"}}],\"inLanguage\":\"fr-FR\"},{\"@type\":\"Organization\",\"@id\":\"https:\\\/\\\/byrsahill.com\\\/?currency=cad\\\/#organization\",\"name\":\"BYRSA HILL\",\"url\":\"https:\\\/\\\/byrsahill.com\\\/?currency=cad\\\/\",\"logo\":{\"@type\":\"ImageObject\",\"inLanguage\":\"fr-FR\",\"@id\":\"https:\\\/\\\/byrsahill.com\\\/?currency=cad\\\/#\\\/schema\\\/logo\\\/image\\\/\",\"url\":\"https:\\\/\\\/byrsahill.com\\\/wp-content\\\/uploads\\\/2025\\\/10\\\/cropped-cropped-WhatsApp-Image-2024-12-08-at-18.43.12-e1760388550997.png\",\"contentUrl\":\"https:\\\/\\\/byrsahill.com\\\/wp-content\\\/uploads\\\/2025\\\/10\\\/cropped-cropped-WhatsApp-Image-2024-12-08-at-18.43.12-e1760388550997.png\",\"width\":512,\"height\":512,\"caption\":\"BYRSA HILL\"},\"image\":{\"@id\":\"https:\\\/\\\/byrsahill.com\\\/?currency=cad\\\/#\\\/schema\\\/logo\\\/image\\\/\"}}]}<\/script>\n<!-- \/ Yoast SEO plugin. -->","yoast_head_json":{"title":"Our Collection - BYRSA HILL","description":"Authentic Tunisian Mediterranean olive oil with rich natural flavor and traditional excellence.","robots":{"index":"index","follow":"follow","max-snippet":"max-snippet:-1","max-image-preview":"max-image-preview:large","max-video-preview":"max-video-preview:-1"},"canonical":"https:\/\/byrsahill.com\/fr\/mediterranean-cold-pressed-olive-oil\/","og_locale":"fr_FR","og_type":"article","og_title":"Our Collection - BYRSA HILL","og_description":"Authentic Tunisian Mediterranean olive oil with rich natural flavor and traditional excellence.","og_url":"https:\/\/byrsahill.com\/fr\/mediterranean-cold-pressed-olive-oil\/","og_site_name":"BYRSA HILL","article_modified_time":"2026-03-29T23:33:36+00:00","og_image":[{"url":"https:\/\/byrsahill.com\/wp-content\/uploads\/2025\/11\/close-up-variety-olive-oil-olives-683x1024.jpg","type":"","width":"","height":""}],"twitter_card":"summary_large_image","twitter_misc":{"Dur\u00e9e de lecture estim\u00e9e":"1 minute"},"schema":{"@context":"https:\/\/schema.org","@graph":[{"@type":"WebPage","@id":"https:\/\/byrsahill.com\/mediterranean-cold-pressed-olive-oil\/","url":"https:\/\/byrsahill.com\/mediterranean-cold-pressed-olive-oil\/","name":"Our Collection - BYRSA HILL","isPartOf":{"@id":"https:\/\/byrsahill.com\/?currency=cad\/#website"},"primaryImageOfPage":{"@id":"https:\/\/byrsahill.com\/mediterranean-cold-pressed-olive-oil\/#primaryimage"},"image":{"@id":"https:\/\/byrsahill.com\/mediterranean-cold-pressed-olive-oil\/#primaryimage"},"thumbnailUrl":"https:\/\/byrsahill.com\/wp-content\/uploads\/2025\/11\/close-up-variety-olive-oil-olives-683x1024.jpg","datePublished":"2025-11-04T02:25:52+00:00","dateModified":"2026-03-29T23:33:36+00:00","description":"Authentic Tunisian Mediterranean olive oil with rich natural flavor and traditional excellence.","breadcrumb":{"@id":"https:\/\/byrsahill.com\/mediterranean-cold-pressed-olive-oil\/#breadcrumb"},"inLanguage":"fr-FR","potentialAction":[{"@type":"ReadAction","target":["https:\/\/byrsahill.com\/mediterranean-cold-pressed-olive-oil\/"]}]},{"@type":"ImageObject","inLanguage":"fr-FR","@id":"https:\/\/byrsahill.com\/mediterranean-cold-pressed-olive-oil\/#primaryimage","url":"https:\/\/byrsahill.com\/wp-content\/uploads\/2025\/11\/close-up-variety-olive-oil-olives-683x1024.jpg","contentUrl":"https:\/\/byrsahill.com\/wp-content\/uploads\/2025\/11\/close-up-variety-olive-oil-olives-683x1024.jpg"},{"@type":"BreadcrumbList","@id":"https:\/\/byrsahill.com\/mediterranean-cold-pressed-olive-oil\/#breadcrumb","itemListElement":[{"@type":"ListItem","position":1,"name":"Home","item":"https:\/\/byrsahill.com\/"},{"@type":"ListItem","position":2,"name":"Our Collection"}]},{"@type":"WebSite","@id":"https:\/\/byrsahill.com\/?currency=cad\/#website","url":"https:\/\/byrsahill.com\/?currency=cad\/","name":"BYRSA HILL","description":"Des racines anciennes, une touche de modernit\u00e9.","publisher":{"@id":"https:\/\/byrsahill.com\/?currency=cad\/#organization"},"potentialAction":[{"@type":"SearchAction","target":{"@type":"EntryPoint","urlTemplate":"https:\/\/byrsahill.com\/?currency=cad\/?s={search_term_string}"},"query-input":{"@type":"PropertyValueSpecification","valueRequired":true,"valueName":"search_term_string"}}],"inLanguage":"fr-FR"},{"@type":"Organization","@id":"https:\/\/byrsahill.com\/?currency=cad\/#organization","name":"BYRSA HILL","url":"https:\/\/byrsahill.com\/?currency=cad\/","logo":{"@type":"ImageObject","inLanguage":"fr-FR","@id":"https:\/\/byrsahill.com\/?currency=cad\/#\/schema\/logo\/image\/","url":"https:\/\/byrsahill.com\/wp-content\/uploads\/2025\/10\/cropped-cropped-WhatsApp-Image-2024-12-08-at-18.43.12-e1760388550997.png","contentUrl":"https:\/\/byrsahill.com\/wp-content\/uploads\/2025\/10\/cropped-cropped-WhatsApp-Image-2024-12-08-at-18.43.12-e1760388550997.png","width":512,"height":512,"caption":"BYRSA HILL"},"image":{"@id":"https:\/\/byrsahill.com\/?currency=cad\/#\/schema\/logo\/image\/"}}]}},"_hostinger_reach_plugin_has_subscription_block":false,"_hostinger_reach_plugin_is_elementor":false,"uagb_featured_image_src":{"full":false,"thumbnail":false,"medium":false,"medium_large":false,"large":false,"1536x1536":false,"2048x2048":false,"trp-custom-language-flag":false,"mailpoet_newsletter_max":false,"woocommerce_thumbnail":false,"woocommerce_single":false,"woocommerce_gallery_thumbnail":false},"uagb_author_info":{"display_name":"anisdhaou.ca","author_link":"https:\/\/byrsahill.com\/fr\/author\/anisdhaou-ca\/"},"uagb_comment_info":0,"uagb_excerpt":null,"_links":{"self":[{"href":"https:\/\/byrsahill.com\/fr\/wp-json\/wp\/v2\/pages\/5873","targetHints":{"allow":["GET"]}}],"collection":[{"href":"https:\/\/byrsahill.com\/fr\/wp-json\/wp\/v2\/pages"}],"about":[{"href":"https:\/\/byrsahill.com\/fr\/wp-json\/wp\/v2\/types\/page"}],"author":[{"embeddable":true,"href":"https:\/\/byrsahill.com\/fr\/wp-json\/wp\/v2\/users\/1"}],"replies":[{"embeddable":true,"href":"https:\/\/byrsahill.com\/fr\/wp-json\/wp\/v2\/comments?post=5873"}],"version-history":[{"count":11,"href":"https:\/\/byrsahill.com\/fr\/wp-json\/wp\/v2\/pages\/5873\/revisions"}],"predecessor-version":[{"id":6143,"href":"https:\/\/byrsahill.com\/fr\/wp-json\/wp\/v2\/pages\/5873\/revisions\/6143"}],"wp:attachment":[{"href":"https:\/\/byrsahill.com\/fr\/wp-json\/wp\/v2\/media?parent=5873"}],"curies":[{"name":"wp","href":"https:\/\/api.w.org\/{rel}","templated":true}]}}