{"id":5926,"date":"2025-11-06T01:57:02","date_gmt":"2025-11-06T01:57:02","guid":{"rendered":"https:\/\/byrsahill.com\/?page_id=5926"},"modified":"2026-04-13T00:16:22","modified_gmt":"2026-04-13T00:16:22","slug":"shipping-delivery","status":"publish","type":"page","link":"https:\/\/byrsahill.com\/fr\/shipping-delivery\/","title":{"rendered":"Exp\u00e9dition et livraison"},"content":{"rendered":"<h2 class=\"wp-block-heading\">Politique d'exp\u00e9dition et de livraison<\/h2>\n\n\n\n<p class=\" translation-block\">Chez <strong>Byrsa Hill<\/strong>, nous nous effor\u00e7ons de garantir que votre commande arrive rapidement et en toute s\u00e9curit\u00e9. Vous trouverez ci-dessous des informations sur notre processus d\u2019exp\u00e9dition, les d\u00e9lais de livraison et les politiques associ\u00e9es.<\/p>\n\n\n\n<h3 class=\"wp-block-heading\">Zones d'exp\u00e9dition<\/h3>\n\n\n\n<p>Nous exp\u00e9dions actuellement les commandes vers :<\/p>\n\n\n\n<ul class=\"wp-block-list\">\n<li>Canada<\/li>\n\n\n\n<li>USA<\/li>\n<\/ul>\n\n\n\n<h3 class=\"wp-block-heading\">D\u00e9lai de traitement<\/h3>\n\n\n\n<p class=\" translation-block\">Les commandes sont g\u00e9n\u00e9ralement trait\u00e9es dans un d\u00e9lai de <strong>1 \u00e0 3 jours ouvrables<\/strong> apr\u00e8s confirmation du paiement.<br>Pendant les p\u00e9riodes de forte affluence ou les promotions, les d\u00e9lais de traitement peuvent \u00eatre l\u00e9g\u00e8rement plus longs.<\/p>\n\n\n\n<h3 class=\"wp-block-heading\">D\u00e9lais de livraison<\/h3>\n\n\n\n<p>D\u00e9lais de livraison estim\u00e9s (apr\u00e8s exp\u00e9dition) :<\/p>\n\n\n\n<ul class=\"wp-block-list\">\n<li class=\" translation-block\"><strong>Local (Canada) :<\/strong> 2 \u00e0 7 jours ouvrables<\/li>\n<\/ul>\n\n\n\n<p class=\" translation-block\">Vous recevrez un <strong>e-mail de confirmation d'exp\u00e9dition<\/strong> avec un num\u00e9ro de suivi une fois votre commande exp\u00e9di\u00e9e.<\/p>\n\n\n\n<h3 class=\"wp-block-heading\">Frais de livraison<\/h3>\n\n\n\n<p class=\" translation-block\">Les frais de livraison sont calcul\u00e9s lors du paiement en fonction du poids de votre commande, de la destination et du mode de livraison.<br>Nous pouvons proposer des promotions de <strong>livraison gratuite<\/strong>, consultez notre page d\u2019accueil ou abonnez-vous \u00e0 notre newsletter pour rester inform\u00e9.<\/p>\n\n\n\n<h3 class=\"wp-block-heading\">Emballage<\/h3>\n\n\n\n<p>Toutes les huiles d'olive sont soigneusement emball\u00e9es dans un emballage s\u00e9curis\u00e9 et protecteur afin de garantir que vos bouteilles arrivent intactes et en parfait \u00e9tat.<\/p>\n\n\n\n<h3 class=\"wp-block-heading\">Colis endommag\u00e9s ou perdus<\/h3>\n\n\n\n<p>Si votre commande arrive endommag\u00e9e ou n\u2019arrive pas du tout :<\/p>\n\n\n\n<ul class=\"wp-block-list\">\n<li class=\" translation-block\">Veuillez nous contacter dans les <strong>7 jours suivant la livraison<\/strong> \u00e0 <strong>info@byrsahill.com<\/strong> en indiquant votre num\u00e9ro de commande et en joignant des photos (le cas \u00e9ch\u00e9ant).<\/li>\n\n\n\n<li>Nous organiserons rapidement un remplacement ou un remboursement conform\u00e9ment \u00e0 notre politique.<\/li>\n<\/ul>\n\n\n\n<h3 class=\"wp-block-heading\">Suivi de commande<\/h3>\n\n\n\n<p>Une fois exp\u00e9di\u00e9e, vous recevrez un e-mail avec les d\u00e9tails de suivi. Vous pouvez suivre votre colis directement sur le site web du transporteur.<\/p>\n\n\n\n<h3 class=\"wp-block-heading\">Contactez-nous<\/h3>\n\n\n\n<p>If you have any questions regarding shipping or delivery, please contact:<br>\ud83d\udce7 <strong>info@byrsahill.com<\/strong><\/p>","protected":false},"excerpt":{"rendered":"<p>Shipping &amp; Delivery Policy At Byrsa Hill, we strive to ensure your order arrives quickly and safely. Below you\u2019ll find information about our shipping process, delivery times, and related policies. Shipping Locations We currently ship orders to: Processing Time Orders are typically processed within 1\u20133 business days after payment confirmation.During peak seasons or promotional periods, [&hellip;]<\/p>\n","protected":false},"author":1,"featured_media":0,"parent":0,"menu_order":0,"comment_status":"closed","ping_status":"closed","template":"","meta":{"_surecart_dashboard_logo_width":"180px","_surecart_dashboard_show_logo":true,"_surecart_dashboard_navigation_orders":true,"_surecart_dashboard_navigation_invoices":true,"_surecart_dashboard_navigation_subscriptions":true,"_surecart_dashboard_navigation_downloads":true,"_surecart_dashboard_navigation_billing":true,"_surecart_dashboard_navigation_account":true,"_uag_custom_page_level_css":"","site-sidebar-layout":"default","site-content-layout":"","ast-site-content-layout":"default","site-content-style":"default","site-sidebar-style":"default","ast-global-header-display":"","ast-banner-title-visibility":"","ast-main-header-display":"","ast-hfb-above-header-display":"","ast-hfb-below-header-display":"","ast-hfb-mobile-header-display":"","site-post-title":"","ast-breadcrumbs-content":"","ast-featured-img":"","footer-sml-layout":"","ast-disable-related-posts":"","theme-transparent-header-meta":"","adv-header-id-meta":"","stick-header-meta":"","header-above-stick-meta":"","header-main-stick-meta":"","header-below-stick-meta":"","astra-migrate-meta-layouts":"set","ast-page-background-enabled":"default","ast-page-background-meta":{"desktop":{"background-color":"","background-image":"","background-repeat":"repeat","background-position":"center center","background-size":"auto","background-attachment":"scroll","background-type":"","background-media":"","overlay-type":"","overlay-color":"","overlay-opacity":"","overlay-gradient":""},"tablet":{"background-color":"","background-image":"","background-repeat":"repeat","background-position":"center center","background-size":"auto","background-attachment":"scroll","background-type":"","background-media":"","overlay-type":"","overlay-color":"","overlay-opacity":"","overlay-gradient":""},"mobile":{"background-color":"","background-image":"","background-repeat":"repeat","background-position":"center center","background-size":"auto","background-attachment":"scroll","background-type":"","background-media":"","overlay-type":"","overlay-color":"","overlay-opacity":"","overlay-gradient":""}},"ast-content-background-meta":{"desktop":{"background-color":"var(--ast-global-color-5)","background-image":"","background-repeat":"repeat","background-position":"center center","background-size":"auto","background-attachment":"scroll","background-type":"","background-media":"","overlay-type":"","overlay-color":"","overlay-opacity":"","overlay-gradient":""},"tablet":{"background-color":"var(--ast-global-color-5)","background-image":"","background-repeat":"repeat","background-position":"center center","background-size":"auto","background-attachment":"scroll","background-type":"","background-media":"","overlay-type":"","overlay-color":"","overlay-opacity":"","overlay-gradient":""},"mobile":{"background-color":"var(--ast-global-color-5)","background-image":"","background-repeat":"repeat","background-position":"center center","background-size":"auto","background-attachment":"scroll","background-type":"","background-media":"","overlay-type":"","overlay-color":"","overlay-opacity":"","overlay-gradient":""}},"footnotes":""},"class_list":["post-5926","page","type-page","status-publish","hentry"],"yoast_head":"<!-- This site is optimized with the Yoast SEO plugin v27.5 - https:\/\/yoast.com\/product\/yoast-seo-wordpress\/ -->\n<title>Shipping &amp; Delivery - BYRSA HILL<\/title>\n<meta name=\"description\" content=\"Fast shipping across USA and Canada. Learn about delivery times, tracking, and order processing.\" \/>\n<meta name=\"robots\" content=\"index, follow, max-snippet:-1, max-image-preview:large, max-video-preview:-1\" \/>\n<link rel=\"canonical\" href=\"https:\/\/byrsahill.com\/fr\/shipping-delivery\/\" \/>\n<meta property=\"og:locale\" content=\"fr_FR\" \/>\n<meta property=\"og:type\" content=\"article\" \/>\n<meta property=\"og:title\" content=\"Shipping &amp; Delivery - BYRSA HILL\" \/>\n<meta property=\"og:description\" content=\"Fast shipping across USA and Canada. Learn about delivery times, tracking, and order processing.\" \/>\n<meta property=\"og:url\" content=\"https:\/\/byrsahill.com\/fr\/shipping-delivery\/\" \/>\n<meta property=\"og:site_name\" content=\"BYRSA HILL\" \/>\n<meta property=\"article:modified_time\" content=\"2026-04-13T00:16:22+00:00\" \/>\n<meta name=\"twitter:card\" content=\"summary_large_image\" \/>\n<meta name=\"twitter:label1\" content=\"Dur\u00e9e de lecture estim\u00e9e\" \/>\n\t<meta name=\"twitter:data1\" content=\"1 minute\" \/>\n<script type=\"application\/ld+json\" class=\"yoast-schema-graph\">{\"@context\":\"https:\\\/\\\/schema.org\",\"@graph\":[{\"@type\":\"WebPage\",\"@id\":\"https:\\\/\\\/byrsahill.com\\\/shipping-delivery\\\/\",\"url\":\"https:\\\/\\\/byrsahill.com\\\/shipping-delivery\\\/\",\"name\":\"Shipping &amp; Delivery - BYRSA HILL\",\"isPartOf\":{\"@id\":\"https:\\\/\\\/byrsahill.com\\\/?currency=cad\\\/#website\"},\"datePublished\":\"2025-11-06T01:57:02+00:00\",\"dateModified\":\"2026-04-13T00:16:22+00:00\",\"description\":\"Fast shipping across USA and Canada. Learn about delivery times, tracking, and order processing.\",\"breadcrumb\":{\"@id\":\"https:\\\/\\\/byrsahill.com\\\/shipping-delivery\\\/#breadcrumb\"},\"inLanguage\":\"fr-FR\",\"potentialAction\":[{\"@type\":\"ReadAction\",\"target\":[\"https:\\\/\\\/byrsahill.com\\\/shipping-delivery\\\/\"]}]},{\"@type\":\"BreadcrumbList\",\"@id\":\"https:\\\/\\\/byrsahill.com\\\/shipping-delivery\\\/#breadcrumb\",\"itemListElement\":[{\"@type\":\"ListItem\",\"position\":1,\"name\":\"Home\",\"item\":\"https:\\\/\\\/byrsahill.com\\\/\"},{\"@type\":\"ListItem\",\"position\":2,\"name\":\"Shipping &amp; Delivery\"}]},{\"@type\":\"WebSite\",\"@id\":\"https:\\\/\\\/byrsahill.com\\\/?currency=cad\\\/#website\",\"url\":\"https:\\\/\\\/byrsahill.com\\\/?currency=cad\\\/\",\"name\":\"BYRSA HILL\",\"description\":\"Old roots. New twist.\",\"publisher\":{\"@id\":\"https:\\\/\\\/byrsahill.com\\\/?currency=cad\\\/#organization\"},\"potentialAction\":[{\"@type\":\"SearchAction\",\"target\":{\"@type\":\"EntryPoint\",\"urlTemplate\":\"https:\\\/\\\/byrsahill.com\\\/?currency=cad\\\/?s={search_term_string}\"},\"query-input\":{\"@type\":\"PropertyValueSpecification\",\"valueRequired\":true,\"valueName\":\"search_term_string\"}}],\"inLanguage\":\"fr-FR\"},{\"@type\":\"Organization\",\"@id\":\"https:\\\/\\\/byrsahill.com\\\/?currency=cad\\\/#organization\",\"name\":\"BYRSA HILL\",\"url\":\"https:\\\/\\\/byrsahill.com\\\/?currency=cad\\\/\",\"logo\":{\"@type\":\"ImageObject\",\"inLanguage\":\"fr-FR\",\"@id\":\"https:\\\/\\\/byrsahill.com\\\/?currency=cad\\\/#\\\/schema\\\/logo\\\/image\\\/\",\"url\":\"https:\\\/\\\/byrsahill.com\\\/wp-content\\\/uploads\\\/2025\\\/10\\\/cropped-cropped-WhatsApp-Image-2024-12-08-at-18.43.12-e1760388550997.png\",\"contentUrl\":\"https:\\\/\\\/byrsahill.com\\\/wp-content\\\/uploads\\\/2025\\\/10\\\/cropped-cropped-WhatsApp-Image-2024-12-08-at-18.43.12-e1760388550997.png\",\"width\":512,\"height\":512,\"caption\":\"BYRSA HILL\"},\"image\":{\"@id\":\"https:\\\/\\\/byrsahill.com\\\/?currency=cad\\\/#\\\/schema\\\/logo\\\/image\\\/\"}}]}<\/script>\n<!-- \/ Yoast SEO plugin. -->","yoast_head_json":{"title":"Shipping &amp; Delivery - BYRSA HILL","description":"Fast shipping across USA and Canada. Learn about delivery times, tracking, and order processing.","robots":{"index":"index","follow":"follow","max-snippet":"max-snippet:-1","max-image-preview":"max-image-preview:large","max-video-preview":"max-video-preview:-1"},"canonical":"https:\/\/byrsahill.com\/fr\/shipping-delivery\/","og_locale":"fr_FR","og_type":"article","og_title":"Shipping &amp; Delivery - BYRSA HILL","og_description":"Fast shipping across USA and Canada. Learn about delivery times, tracking, and order processing.","og_url":"https:\/\/byrsahill.com\/fr\/shipping-delivery\/","og_site_name":"BYRSA HILL","article_modified_time":"2026-04-13T00:16:22+00:00","twitter_card":"summary_large_image","twitter_misc":{"Dur\u00e9e de lecture estim\u00e9e":"1 minute"},"schema":{"@context":"https:\/\/schema.org","@graph":[{"@type":"WebPage","@id":"https:\/\/byrsahill.com\/shipping-delivery\/","url":"https:\/\/byrsahill.com\/shipping-delivery\/","name":"Shipping &amp; Delivery - BYRSA HILL","isPartOf":{"@id":"https:\/\/byrsahill.com\/?currency=cad\/#website"},"datePublished":"2025-11-06T01:57:02+00:00","dateModified":"2026-04-13T00:16:22+00:00","description":"Fast shipping across USA and Canada. Learn about delivery times, tracking, and order processing.","breadcrumb":{"@id":"https:\/\/byrsahill.com\/shipping-delivery\/#breadcrumb"},"inLanguage":"fr-FR","potentialAction":[{"@type":"ReadAction","target":["https:\/\/byrsahill.com\/shipping-delivery\/"]}]},{"@type":"BreadcrumbList","@id":"https:\/\/byrsahill.com\/shipping-delivery\/#breadcrumb","itemListElement":[{"@type":"ListItem","position":1,"name":"Home","item":"https:\/\/byrsahill.com\/"},{"@type":"ListItem","position":2,"name":"Shipping &amp; Delivery"}]},{"@type":"WebSite","@id":"https:\/\/byrsahill.com\/?currency=cad\/#website","url":"https:\/\/byrsahill.com\/?currency=cad\/","name":"BYRSA HILL","description":"Des racines anciennes, une touche de modernit\u00e9.","publisher":{"@id":"https:\/\/byrsahill.com\/?currency=cad\/#organization"},"potentialAction":[{"@type":"SearchAction","target":{"@type":"EntryPoint","urlTemplate":"https:\/\/byrsahill.com\/?currency=cad\/?s={search_term_string}"},"query-input":{"@type":"PropertyValueSpecification","valueRequired":true,"valueName":"search_term_string"}}],"inLanguage":"fr-FR"},{"@type":"Organization","@id":"https:\/\/byrsahill.com\/?currency=cad\/#organization","name":"BYRSA HILL","url":"https:\/\/byrsahill.com\/?currency=cad\/","logo":{"@type":"ImageObject","inLanguage":"fr-FR","@id":"https:\/\/byrsahill.com\/?currency=cad\/#\/schema\/logo\/image\/","url":"https:\/\/byrsahill.com\/wp-content\/uploads\/2025\/10\/cropped-cropped-WhatsApp-Image-2024-12-08-at-18.43.12-e1760388550997.png","contentUrl":"https:\/\/byrsahill.com\/wp-content\/uploads\/2025\/10\/cropped-cropped-WhatsApp-Image-2024-12-08-at-18.43.12-e1760388550997.png","width":512,"height":512,"caption":"BYRSA HILL"},"image":{"@id":"https:\/\/byrsahill.com\/?currency=cad\/#\/schema\/logo\/image\/"}}]}},"_hostinger_reach_plugin_has_subscription_block":false,"_hostinger_reach_plugin_is_elementor":false,"uagb_featured_image_src":{"full":false,"thumbnail":false,"medium":false,"medium_large":false,"large":false,"1536x1536":false,"2048x2048":false,"trp-custom-language-flag":false,"mailpoet_newsletter_max":false,"woocommerce_thumbnail":false,"woocommerce_single":false,"woocommerce_gallery_thumbnail":false},"uagb_author_info":{"display_name":"anisdhaou.ca","author_link":"https:\/\/byrsahill.com\/fr\/author\/anisdhaou-ca\/"},"uagb_comment_info":0,"uagb_excerpt":"Shipping &amp; Delivery Policy At Byrsa Hill, we strive to ensure your order arrives quickly and safely. Below you\u2019ll find information about our shipping process, delivery times, and related policies. Shipping Locations We currently ship orders to: Processing Time Orders are typically processed within 1\u20133 business days after payment confirmation.During peak seasons or promotional periods,\u2026","_links":{"self":[{"href":"https:\/\/byrsahill.com\/fr\/wp-json\/wp\/v2\/pages\/5926","targetHints":{"allow":["GET"]}}],"collection":[{"href":"https:\/\/byrsahill.com\/fr\/wp-json\/wp\/v2\/pages"}],"about":[{"href":"https:\/\/byrsahill.com\/fr\/wp-json\/wp\/v2\/types\/page"}],"author":[{"embeddable":true,"href":"https:\/\/byrsahill.com\/fr\/wp-json\/wp\/v2\/users\/1"}],"replies":[{"embeddable":true,"href":"https:\/\/byrsahill.com\/fr\/wp-json\/wp\/v2\/comments?post=5926"}],"version-history":[{"count":2,"href":"https:\/\/byrsahill.com\/fr\/wp-json\/wp\/v2\/pages\/5926\/revisions"}],"predecessor-version":[{"id":6156,"href":"https:\/\/byrsahill.com\/fr\/wp-json\/wp\/v2\/pages\/5926\/revisions\/6156"}],"wp:attachment":[{"href":"https:\/\/byrsahill.com\/fr\/wp-json\/wp\/v2\/media?parent=5926"}],"curies":[{"name":"wp","href":"https:\/\/api.w.org\/{rel}","templated":true}]}}