{"id":5739,"date":"2025-10-16T00:11:05","date_gmt":"2025-10-16T00:11:05","guid":{"rendered":"https:\/\/byrsahill.com\/product\/pulses-from-organic-farm-2\/"},"modified":"2026-04-22T01:35:48","modified_gmt":"2026-04-22T01:35:48","slug":"early-harvest-extra-virgin-olive-oil-canada","status":"publish","type":"product","link":"https:\/\/byrsahill.com\/fr\/produit\/early-harvest-extra-virgin-olive-oil-canada\/","title":{"rendered":"Huile d\u2019olive extra vierge Premium, Premi\u00e8re r\u00e9colte, 500 ml"},"content":{"rendered":"<p>R\u00e9colt\u00e9es \u00e0 la main avec soin dans nos oliveraies familiales entre la mi-octobre et le d\u00e9but novembre, puis press\u00e9es \u00e0 froid dans les heures qui suivent pour pr\u00e9server les saveurs les plus pures de la nature. Riche en antioxydants et en polyph\u00e9nols, et \u00e0 faible acidit\u00e9, cette huile en petite production et \u00e9dition limit\u00e9e capture toute la fra\u00eecheur de la nouvelle r\u00e9colte.<\/p>","protected":false},"excerpt":{"rendered":"<p>R\u00e9colt\u00e9es \u00e0 la main, press\u00e9es \u00e0 froid, \u00e0 faible acidit\u00e9, riches en antioxydants, offrant toute la fra\u00eecheur de la r\u00e9colte.<\/p>","protected":false},"featured_media":6129,"comment_status":"open","ping_status":"closed","template":"","meta":{"_surecart_dashboard_logo_width":"180px","_surecart_dashboard_show_logo":true,"_surecart_dashboard_navigation_orders":true,"_surecart_dashboard_navigation_invoices":true,"_surecart_dashboard_navigation_subscriptions":true,"_surecart_dashboard_navigation_downloads":true,"_surecart_dashboard_navigation_billing":true,"_surecart_dashboard_navigation_account":true,"_uag_custom_page_level_css":"","site-sidebar-layout":"default","site-content-layout":"default","ast-site-content-layout":"default","site-content-style":"default","site-sidebar-style":"default","ast-global-header-display":"","ast-banner-title-visibility":"","ast-main-header-display":"","ast-hfb-above-header-display":"","ast-hfb-below-header-display":"","ast-hfb-mobile-header-display":"","site-post-title":"","ast-breadcrumbs-content":"","ast-featured-img":"","footer-sml-layout":"","ast-disable-related-posts":"","theme-transparent-header-meta":"default","adv-header-id-meta":"","stick-header-meta":"","header-above-stick-meta":"","header-main-stick-meta":"","header-below-stick-meta":"","astra-migrate-meta-layouts":"set","ast-page-background-enabled":"default","ast-page-background-meta":{"desktop":{"background-color":"","background-image":"","background-repeat":"repeat","background-position":"center center","background-size":"auto","background-attachment":"scroll","background-type":"","background-media":"","overlay-type":"","overlay-color":"","overlay-opacity":"","overlay-gradient":""},"tablet":{"background-color":"","background-image":"","background-repeat":"repeat","background-position":"center center","background-size":"auto","background-attachment":"scroll","background-type":"","background-media":"","overlay-type":"","overlay-color":"","overlay-opacity":"","overlay-gradient":""},"mobile":{"background-color":"","background-image":"","background-repeat":"repeat","background-position":"center center","background-size":"auto","background-attachment":"scroll","background-type":"","background-media":"","overlay-type":"","overlay-color":"","overlay-opacity":"","overlay-gradient":""}},"ast-content-background-meta":{"desktop":{"background-color":"var(--ast-global-color-5)","background-image":"","background-repeat":"repeat","background-position":"center center","background-size":"auto","background-attachment":"scroll","background-type":"","background-media":"","overlay-type":"","overlay-color":"","overlay-opacity":"","overlay-gradient":""},"tablet":{"background-color":"var(--ast-global-color-5)","background-image":"","background-repeat":"repeat","background-position":"center center","background-size":"auto","background-attachment":"scroll","background-type":"","background-media":"","overlay-type":"","overlay-color":"","overlay-opacity":"","overlay-gradient":""},"mobile":{"background-color":"var(--ast-global-color-5)","background-image":"","background-repeat":"repeat","background-position":"center center","background-size":"auto","background-attachment":"scroll","background-type":"","background-media":"","overlay-type":"","overlay-color":"","overlay-opacity":"","overlay-gradient":""}}},"product_brand":[],"product_cat":[27],"product_tag":[33,29],"class_list":{"0":"post-5739","1":"product","2":"type-product","3":"status-publish","4":"has-post-thumbnail","6":"product_cat-gourmet","7":"product_tag-new-arrival","8":"product_tag-trending","9":"desktop-align-center","10":"tablet-align-center","11":"mobile-align-center","13":"first","14":"instock","15":"shipping-taxable","16":"purchasable","17":"product-type-simple"},"yoast_head":"<!-- This site is optimized with the Yoast SEO plugin v27.5 - https:\/\/yoast.com\/product\/yoast-seo-wordpress\/ -->\n<title>Premium Early Harvest Extra Virgin Olive Oil 500 ml - BYRSA HILL<\/title>\n<meta name=\"description\" content=\"Premium early harvest extra virgin olive oil available in Canada. High in polyphenols with rich, fruity flavor and peppery finish.\" \/>\n<meta name=\"robots\" content=\"index, follow, max-snippet:-1, max-image-preview:large, max-video-preview:-1\" \/>\n<link rel=\"canonical\" href=\"https:\/\/byrsahill.com\/fr\/produit\/early-harvest-extra-virgin-olive-oil-canada\/?currency=cad\" \/>\n<meta property=\"og:locale\" content=\"fr_FR\" \/>\n<meta property=\"og:type\" content=\"article\" \/>\n<meta property=\"og:title\" content=\"Premium Early Harvest Extra Virgin Olive Oil 500 ml - BYRSA HILL\" \/>\n<meta property=\"og:description\" content=\"Premium early harvest extra virgin olive oil available in Canada. High in polyphenols with rich, fruity flavor and peppery finish.\" \/>\n<meta property=\"og:url\" content=\"https:\/\/byrsahill.com\/fr\/produit\/early-harvest-extra-virgin-olive-oil-canada\/?currency=cad\" \/>\n<meta property=\"og:site_name\" content=\"BYRSA HILL\" \/>\n<meta property=\"article:modified_time\" content=\"2026-04-22T01:35:48+00:00\" \/>\n<meta property=\"og:image\" content=\"https:\/\/byrsahill.com\/wp-content\/uploads\/2025\/10\/early-harvest-olive-oil-canada-scaled.jpg\" \/>\n\t<meta property=\"og:image:width\" content=\"2560\" \/>\n\t<meta property=\"og:image:height\" content=\"2555\" \/>\n\t<meta property=\"og:image:type\" content=\"image\/jpeg\" \/>\n<meta name=\"twitter:card\" content=\"summary_large_image\" \/>\n<meta name=\"twitter:label1\" content=\"Dur\u00e9e de lecture estim\u00e9e\" \/>\n\t<meta name=\"twitter:data1\" content=\"1 minute\" \/>\n<script type=\"application\/ld+json\" class=\"yoast-schema-graph\">{\"@context\":\"https:\\\/\\\/schema.org\",\"@graph\":[{\"@type\":\"WebPage\",\"@id\":\"https:\\\/\\\/byrsahill.com\\\/product\\\/early-harvest-extra-virgin-olive-oil-canada\\\/?currency=cad\",\"url\":\"https:\\\/\\\/byrsahill.com\\\/product\\\/early-harvest-extra-virgin-olive-oil-canada\\\/?currency=cad\",\"name\":\"Premium Early Harvest Extra Virgin Olive Oil 500 ml - BYRSA HILL\",\"isPartOf\":{\"@id\":\"https:\\\/\\\/byrsahill.com\\\/?currency=cad\\\/#website\"},\"primaryImageOfPage\":{\"@id\":\"https:\\\/\\\/byrsahill.com\\\/product\\\/early-harvest-extra-virgin-olive-oil-canada\\\/?currency=cad#primaryimage\"},\"image\":{\"@id\":\"https:\\\/\\\/byrsahill.com\\\/product\\\/early-harvest-extra-virgin-olive-oil-canada\\\/?currency=cad#primaryimage\"},\"thumbnailUrl\":\"https:\\\/\\\/byrsahill.com\\\/wp-content\\\/uploads\\\/2025\\\/10\\\/early-harvest-olive-oil-canada-scaled.jpg\",\"datePublished\":\"2025-10-16T00:11:05+00:00\",\"dateModified\":\"2026-04-22T01:35:48+00:00\",\"description\":\"Premium early harvest extra virgin olive oil available in Canada. High in polyphenols with rich, fruity flavor and peppery finish.\",\"breadcrumb\":{\"@id\":\"https:\\\/\\\/byrsahill.com\\\/product\\\/early-harvest-extra-virgin-olive-oil-canada\\\/?currency=cad#breadcrumb\"},\"inLanguage\":\"fr-FR\",\"potentialAction\":[{\"@type\":\"ReadAction\",\"target\":[\"https:\\\/\\\/byrsahill.com\\\/product\\\/early-harvest-extra-virgin-olive-oil-canada\\\/?currency=cad\"]}]},{\"@type\":\"ImageObject\",\"inLanguage\":\"fr-FR\",\"@id\":\"https:\\\/\\\/byrsahill.com\\\/product\\\/early-harvest-extra-virgin-olive-oil-canada\\\/?currency=cad#primaryimage\",\"url\":\"https:\\\/\\\/byrsahill.com\\\/wp-content\\\/uploads\\\/2025\\\/10\\\/early-harvest-olive-oil-canada-scaled.jpg\",\"contentUrl\":\"https:\\\/\\\/byrsahill.com\\\/wp-content\\\/uploads\\\/2025\\\/10\\\/early-harvest-olive-oil-canada-scaled.jpg\",\"width\":2560,\"height\":2555},{\"@type\":\"BreadcrumbList\",\"@id\":\"https:\\\/\\\/byrsahill.com\\\/product\\\/early-harvest-extra-virgin-olive-oil-canada\\\/?currency=cad#breadcrumb\",\"itemListElement\":[{\"@type\":\"ListItem\",\"position\":1,\"name\":\"Home\",\"item\":\"https:\\\/\\\/byrsahill.com\\\/\"},{\"@type\":\"ListItem\",\"position\":2,\"name\":\"Shop\",\"item\":\"https:\\\/\\\/byrsahill.com\\\/shop\\\/\"},{\"@type\":\"ListItem\",\"position\":3,\"name\":\"Premium Early Harvest Extra Virgin Olive Oil 500 ml\"}]},{\"@type\":\"WebSite\",\"@id\":\"https:\\\/\\\/byrsahill.com\\\/?currency=cad\\\/#website\",\"url\":\"https:\\\/\\\/byrsahill.com\\\/?currency=cad\\\/\",\"name\":\"BYRSA HILL\",\"description\":\"Old roots. New twist.\",\"publisher\":{\"@id\":\"https:\\\/\\\/byrsahill.com\\\/?currency=cad\\\/#organization\"},\"potentialAction\":[{\"@type\":\"SearchAction\",\"target\":{\"@type\":\"EntryPoint\",\"urlTemplate\":\"https:\\\/\\\/byrsahill.com\\\/?currency=cad\\\/?s={search_term_string}\"},\"query-input\":{\"@type\":\"PropertyValueSpecification\",\"valueRequired\":true,\"valueName\":\"search_term_string\"}}],\"inLanguage\":\"fr-FR\"},{\"@type\":\"Organization\",\"@id\":\"https:\\\/\\\/byrsahill.com\\\/?currency=cad\\\/#organization\",\"name\":\"BYRSA HILL\",\"url\":\"https:\\\/\\\/byrsahill.com\\\/?currency=cad\\\/\",\"logo\":{\"@type\":\"ImageObject\",\"inLanguage\":\"fr-FR\",\"@id\":\"https:\\\/\\\/byrsahill.com\\\/?currency=cad\\\/#\\\/schema\\\/logo\\\/image\\\/\",\"url\":\"https:\\\/\\\/byrsahill.com\\\/wp-content\\\/uploads\\\/2025\\\/10\\\/cropped-cropped-WhatsApp-Image-2024-12-08-at-18.43.12-e1760388550997.png\",\"contentUrl\":\"https:\\\/\\\/byrsahill.com\\\/wp-content\\\/uploads\\\/2025\\\/10\\\/cropped-cropped-WhatsApp-Image-2024-12-08-at-18.43.12-e1760388550997.png\",\"width\":512,\"height\":512,\"caption\":\"BYRSA HILL\"},\"image\":{\"@id\":\"https:\\\/\\\/byrsahill.com\\\/?currency=cad\\\/#\\\/schema\\\/logo\\\/image\\\/\"}}]}<\/script>\n<!-- \/ Yoast SEO plugin. -->","yoast_head_json":{"title":"Premium Early Harvest Extra Virgin Olive Oil 500 ml - BYRSA HILL","description":"Premium early harvest extra virgin olive oil available in Canada. High in polyphenols with rich, fruity flavor and peppery finish.","robots":{"index":"index","follow":"follow","max-snippet":"max-snippet:-1","max-image-preview":"max-image-preview:large","max-video-preview":"max-video-preview:-1"},"canonical":"https:\/\/byrsahill.com\/fr\/produit\/early-harvest-extra-virgin-olive-oil-canada\/?currency=cad","og_locale":"fr_FR","og_type":"article","og_title":"Premium Early Harvest Extra Virgin Olive Oil 500 ml - BYRSA HILL","og_description":"Premium early harvest extra virgin olive oil available in Canada. High in polyphenols with rich, fruity flavor and peppery finish.","og_url":"https:\/\/byrsahill.com\/fr\/produit\/early-harvest-extra-virgin-olive-oil-canada\/?currency=cad","og_site_name":"BYRSA HILL","article_modified_time":"2026-04-22T01:35:48+00:00","og_image":[{"width":2560,"height":2555,"url":"https:\/\/byrsahill.com\/wp-content\/uploads\/2025\/10\/early-harvest-olive-oil-canada-scaled.jpg","type":"image\/jpeg"}],"twitter_card":"summary_large_image","twitter_misc":{"Dur\u00e9e de lecture estim\u00e9e":"1 minute"},"schema":{"@context":"https:\/\/schema.org","@graph":[{"@type":"WebPage","@id":"https:\/\/byrsahill.com\/product\/early-harvest-extra-virgin-olive-oil-canada\/?currency=cad","url":"https:\/\/byrsahill.com\/product\/early-harvest-extra-virgin-olive-oil-canada\/?currency=cad","name":"Premium Early Harvest Extra Virgin Olive Oil 500 ml - BYRSA HILL","isPartOf":{"@id":"https:\/\/byrsahill.com\/?currency=cad\/#website"},"primaryImageOfPage":{"@id":"https:\/\/byrsahill.com\/product\/early-harvest-extra-virgin-olive-oil-canada\/?currency=cad#primaryimage"},"image":{"@id":"https:\/\/byrsahill.com\/product\/early-harvest-extra-virgin-olive-oil-canada\/?currency=cad#primaryimage"},"thumbnailUrl":"https:\/\/byrsahill.com\/wp-content\/uploads\/2025\/10\/early-harvest-olive-oil-canada-scaled.jpg","datePublished":"2025-10-16T00:11:05+00:00","dateModified":"2026-04-22T01:35:48+00:00","description":"Premium early harvest extra virgin olive oil available in Canada. High in polyphenols with rich, fruity flavor and peppery finish.","breadcrumb":{"@id":"https:\/\/byrsahill.com\/product\/early-harvest-extra-virgin-olive-oil-canada\/?currency=cad#breadcrumb"},"inLanguage":"fr-FR","potentialAction":[{"@type":"ReadAction","target":["https:\/\/byrsahill.com\/product\/early-harvest-extra-virgin-olive-oil-canada\/?currency=cad"]}]},{"@type":"ImageObject","inLanguage":"fr-FR","@id":"https:\/\/byrsahill.com\/product\/early-harvest-extra-virgin-olive-oil-canada\/?currency=cad#primaryimage","url":"https:\/\/byrsahill.com\/wp-content\/uploads\/2025\/10\/early-harvest-olive-oil-canada-scaled.jpg","contentUrl":"https:\/\/byrsahill.com\/wp-content\/uploads\/2025\/10\/early-harvest-olive-oil-canada-scaled.jpg","width":2560,"height":2555},{"@type":"BreadcrumbList","@id":"https:\/\/byrsahill.com\/product\/early-harvest-extra-virgin-olive-oil-canada\/?currency=cad#breadcrumb","itemListElement":[{"@type":"ListItem","position":1,"name":"Home","item":"https:\/\/byrsahill.com\/"},{"@type":"ListItem","position":2,"name":"Shop","item":"https:\/\/byrsahill.com\/shop\/"},{"@type":"ListItem","position":3,"name":"Premium Early Harvest Extra Virgin Olive Oil 500 ml"}]},{"@type":"WebSite","@id":"https:\/\/byrsahill.com\/?currency=cad\/#website","url":"https:\/\/byrsahill.com\/?currency=cad\/","name":"BYRSA HILL","description":"Des racines anciennes, une touche de modernit\u00e9.","publisher":{"@id":"https:\/\/byrsahill.com\/?currency=cad\/#organization"},"potentialAction":[{"@type":"SearchAction","target":{"@type":"EntryPoint","urlTemplate":"https:\/\/byrsahill.com\/?currency=cad\/?s={search_term_string}"},"query-input":{"@type":"PropertyValueSpecification","valueRequired":true,"valueName":"search_term_string"}}],"inLanguage":"fr-FR"},{"@type":"Organization","@id":"https:\/\/byrsahill.com\/?currency=cad\/#organization","name":"BYRSA HILL","url":"https:\/\/byrsahill.com\/?currency=cad\/","logo":{"@type":"ImageObject","inLanguage":"fr-FR","@id":"https:\/\/byrsahill.com\/?currency=cad\/#\/schema\/logo\/image\/","url":"https:\/\/byrsahill.com\/wp-content\/uploads\/2025\/10\/cropped-cropped-WhatsApp-Image-2024-12-08-at-18.43.12-e1760388550997.png","contentUrl":"https:\/\/byrsahill.com\/wp-content\/uploads\/2025\/10\/cropped-cropped-WhatsApp-Image-2024-12-08-at-18.43.12-e1760388550997.png","width":512,"height":512,"caption":"BYRSA HILL"},"image":{"@id":"https:\/\/byrsahill.com\/?currency=cad\/#\/schema\/logo\/image\/"}}]}},"uagb_featured_image_src":{"full":["https:\/\/byrsahill.com\/wp-content\/uploads\/2025\/10\/early-harvest-olive-oil-canada-scaled.jpg",2560,2555,false],"thumbnail":["https:\/\/byrsahill.com\/wp-content\/uploads\/2025\/10\/early-harvest-olive-oil-canada-150x150.jpg",150,150,true],"medium":["https:\/\/byrsahill.com\/wp-content\/uploads\/2025\/10\/early-harvest-olive-oil-canada-300x300.jpg",300,300,true],"medium_large":["https:\/\/byrsahill.com\/wp-content\/uploads\/2025\/10\/early-harvest-olive-oil-canada-768x766.jpg",768,766,true],"large":["https:\/\/byrsahill.com\/wp-content\/uploads\/2025\/10\/early-harvest-olive-oil-canada-1024x1022.jpg",1024,1022,true],"1536x1536":["https:\/\/byrsahill.com\/wp-content\/uploads\/2025\/10\/early-harvest-olive-oil-canada-1536x1533.jpg",1536,1533,true],"2048x2048":["https:\/\/byrsahill.com\/wp-content\/uploads\/2025\/10\/early-harvest-olive-oil-canada-2048x2044.jpg",2048,2044,true],"trp-custom-language-flag":["https:\/\/byrsahill.com\/wp-content\/uploads\/2025\/10\/early-harvest-olive-oil-canada-12x12.jpg",12,12,true],"mailpoet_newsletter_max":["https:\/\/byrsahill.com\/wp-content\/uploads\/2025\/10\/early-harvest-olive-oil-canada-1320x1317.jpg",1320,1317,true],"woocommerce_thumbnail":["https:\/\/byrsahill.com\/wp-content\/uploads\/2025\/10\/early-harvest-olive-oil-canada-300x300.jpg",300,300,true],"woocommerce_single":["https:\/\/byrsahill.com\/wp-content\/uploads\/2025\/10\/early-harvest-olive-oil-canada-500x499.jpg",500,499,true],"woocommerce_gallery_thumbnail":["https:\/\/byrsahill.com\/wp-content\/uploads\/2025\/10\/early-harvest-olive-oil-canada-100x100.jpg",100,100,true]},"uagb_author_info":{"display_name":"anisdhaou.ca","author_link":"https:\/\/byrsahill.com\/fr\/author\/"},"uagb_comment_info":0,"uagb_excerpt":"Hand-picked, cold-pressed, low-acidity, rich in antioxidants, fresh harvest flavor.","_links":{"self":[{"href":"https:\/\/byrsahill.com\/fr\/wp-json\/wp\/v2\/product\/5739","targetHints":{"allow":["GET"]}}],"collection":[{"href":"https:\/\/byrsahill.com\/fr\/wp-json\/wp\/v2\/product"}],"about":[{"href":"https:\/\/byrsahill.com\/fr\/wp-json\/wp\/v2\/types\/product"}],"replies":[{"embeddable":true,"href":"https:\/\/byrsahill.com\/fr\/wp-json\/wp\/v2\/comments?post=5739"}],"wp:featuredmedia":[{"embeddable":true,"href":"https:\/\/byrsahill.com\/fr\/wp-json\/wp\/v2\/media\/6129"}],"wp:attachment":[{"href":"https:\/\/byrsahill.com\/fr\/wp-json\/wp\/v2\/media?parent=5739"}],"wp:term":[{"taxonomy":"product_brand","embeddable":true,"href":"https:\/\/byrsahill.com\/fr\/wp-json\/wp\/v2\/product_brand?post=5739"},{"taxonomy":"product_cat","embeddable":true,"href":"https:\/\/byrsahill.com\/fr\/wp-json\/wp\/v2\/product_cat?post=5739"},{"taxonomy":"product_tag","embeddable":true,"href":"https:\/\/byrsahill.com\/fr\/wp-json\/wp\/v2\/product_tag?post=5739"}],"curies":[{"name":"wp","href":"https:\/\/api.w.org\/{rel}","templated":true}]}}