{"id":5740,"date":"2025-10-16T00:11:05","date_gmt":"2025-10-16T00:11:05","guid":{"rendered":"https:\/\/byrsahill.com\/product\/handpicked-red-chillies-2\/"},"modified":"2026-03-26T00:23:48","modified_gmt":"2026-03-26T00:23:48","slug":"handpicked-red-chillies-2","status":"publish","type":"product","link":"https:\/\/byrsahill.com\/fr\/produit\/handpicked-red-chillies-2\/","title":{"rendered":"Huile d\u2019olive extra vierge Premium 500 ml"},"content":{"rendered":"<p><strong data-start=\"511\" data-end=\"544\">Douce.\u00c9quilibr\u00e9e. Exceptionnelle.<\/strong><br data-start=\"544\" data-end=\"547\" \/>\u00c9labor\u00e9e \u00e0 partir d\u2019olives soigneusement s\u00e9lectionn\u00e9es et press\u00e9e \u00e0 froid avec expertise, cette huile offre un ar\u00f4me raffin\u00e9, une texture soyeuse et un go\u00fbt parfaitement \u00e9quilibr\u00e9, con\u00e7u pour les v\u00e9ritables amateurs d\u2019huile d\u2019olive.<\/p>","protected":false},"excerpt":{"rendered":"<p>Press\u00e9e \u00e0 partir des meilleures olives et sublim\u00e9e par un savoir-faire expert, cette huile offre une texture onctueuse, un ar\u00f4me d\u00e9licat et une saveur riche et harmonieuse, destin\u00e9e aux palais les plus exigeants.<\/p>","protected":false},"featured_media":6123,"comment_status":"open","ping_status":"closed","template":"","meta":{"_surecart_dashboard_logo_width":"180px","_surecart_dashboard_show_logo":true,"_surecart_dashboard_navigation_orders":true,"_surecart_dashboard_navigation_invoices":true,"_surecart_dashboard_navigation_subscriptions":true,"_surecart_dashboard_navigation_downloads":true,"_surecart_dashboard_navigation_billing":true,"_surecart_dashboard_navigation_account":true,"_uag_custom_page_level_css":"","site-sidebar-layout":"default","site-content-layout":"default","ast-site-content-layout":"default","site-content-style":"default","site-sidebar-style":"default","ast-global-header-display":"","ast-banner-title-visibility":"","ast-main-header-display":"","ast-hfb-above-header-display":"","ast-hfb-below-header-display":"","ast-hfb-mobile-header-display":"","site-post-title":"","ast-breadcrumbs-content":"","ast-featured-img":"","footer-sml-layout":"","ast-disable-related-posts":"","theme-transparent-header-meta":"default","adv-header-id-meta":"","stick-header-meta":"","header-above-stick-meta":"","header-main-stick-meta":"","header-below-stick-meta":"","astra-migrate-meta-layouts":"set","ast-page-background-enabled":"default","ast-page-background-meta":{"desktop":{"background-color":"","background-image":"","background-repeat":"repeat","background-position":"center center","background-size":"auto","background-attachment":"scroll","background-type":"","background-media":"","overlay-type":"","overlay-color":"","overlay-opacity":"","overlay-gradient":""},"tablet":{"background-color":"","background-image":"","background-repeat":"repeat","background-position":"center center","background-size":"auto","background-attachment":"scroll","background-type":"","background-media":"","overlay-type":"","overlay-color":"","overlay-opacity":"","overlay-gradient":""},"mobile":{"background-color":"","background-image":"","background-repeat":"repeat","background-position":"center center","background-size":"auto","background-attachment":"scroll","background-type":"","background-media":"","overlay-type":"","overlay-color":"","overlay-opacity":"","overlay-gradient":""}},"ast-content-background-meta":{"desktop":{"background-color":"var(--ast-global-color-5)","background-image":"","background-repeat":"repeat","background-position":"center center","background-size":"auto","background-attachment":"scroll","background-type":"","background-media":"","overlay-type":"","overlay-color":"","overlay-opacity":"","overlay-gradient":""},"tablet":{"background-color":"var(--ast-global-color-5)","background-image":"","background-repeat":"repeat","background-position":"center center","background-size":"auto","background-attachment":"scroll","background-type":"","background-media":"","overlay-type":"","overlay-color":"","overlay-opacity":"","overlay-gradient":""},"mobile":{"background-color":"var(--ast-global-color-5)","background-image":"","background-repeat":"repeat","background-position":"center center","background-size":"auto","background-attachment":"scroll","background-type":"","background-media":"","overlay-type":"","overlay-color":"","overlay-opacity":"","overlay-gradient":""}}},"product_brand":[],"product_cat":[27],"product_tag":[29],"class_list":{"0":"post-5740","1":"product","2":"type-product","3":"status-publish","4":"has-post-thumbnail","6":"product_cat-gourmet","7":"product_tag-trending","8":"desktop-align-center","9":"tablet-align-center","10":"mobile-align-center","12":"first","13":"outofstock","14":"featured","15":"taxable","16":"shipping-taxable","17":"purchasable","18":"product-type-simple"},"yoast_head":"<!-- This site is optimized with the Yoast SEO plugin v27.5 - https:\/\/yoast.com\/product\/yoast-seo-wordpress\/ -->\n<title>Premium Extra Virgin Olive Oil 500 ml - BYRSA HILL<\/title>\n<meta name=\"robots\" content=\"index, follow, max-snippet:-1, max-image-preview:large, max-video-preview:-1\" \/>\n<link rel=\"canonical\" href=\"https:\/\/byrsahill.com\/fr\/produit\/handpicked-red-chillies-2\/\" \/>\n<meta property=\"og:locale\" content=\"fr_FR\" \/>\n<meta property=\"og:type\" content=\"article\" \/>\n<meta property=\"og:title\" content=\"Premium Extra Virgin Olive Oil 500 ml - BYRSA HILL\" \/>\n<meta property=\"og:description\" content=\"Pressed from the finest olives and perfected through expert craftsmanship, this oil offers a smooth texture, delicate aroma, and rich, harmonious taste for the most discerning palates.\" \/>\n<meta property=\"og:url\" content=\"https:\/\/byrsahill.com\/fr\/produit\/handpicked-red-chillies-2\/\" \/>\n<meta property=\"og:site_name\" content=\"BYRSA HILL\" \/>\n<meta property=\"article:modified_time\" content=\"2026-03-26T00:23:48+00:00\" \/>\n<meta property=\"og:image\" content=\"https:\/\/byrsahill.com\/wp-content\/uploads\/2025\/10\/500ml-bottle-mockup-without-bg-scaled.jpg\" \/>\n\t<meta property=\"og:image:width\" content=\"2340\" \/>\n\t<meta property=\"og:image:height\" content=\"2560\" \/>\n\t<meta property=\"og:image:type\" content=\"image\/jpeg\" \/>\n<meta name=\"twitter:card\" content=\"summary_large_image\" \/>\n<meta name=\"twitter:label1\" content=\"Dur\u00e9e de lecture estim\u00e9e\" \/>\n\t<meta name=\"twitter:data1\" content=\"1 minute\" \/>\n<script type=\"application\/ld+json\" class=\"yoast-schema-graph\">{\"@context\":\"https:\\\/\\\/schema.org\",\"@graph\":[{\"@type\":\"WebPage\",\"@id\":\"https:\\\/\\\/byrsahill.com\\\/product\\\/handpicked-red-chillies-2\\\/\",\"url\":\"https:\\\/\\\/byrsahill.com\\\/product\\\/handpicked-red-chillies-2\\\/\",\"name\":\"Premium Extra Virgin Olive Oil 500 ml - BYRSA HILL\",\"isPartOf\":{\"@id\":\"https:\\\/\\\/byrsahill.com\\\/?currency=cad\\\/#website\"},\"primaryImageOfPage\":{\"@id\":\"https:\\\/\\\/byrsahill.com\\\/product\\\/handpicked-red-chillies-2\\\/#primaryimage\"},\"image\":{\"@id\":\"https:\\\/\\\/byrsahill.com\\\/product\\\/handpicked-red-chillies-2\\\/#primaryimage\"},\"thumbnailUrl\":\"https:\\\/\\\/byrsahill.com\\\/wp-content\\\/uploads\\\/2025\\\/10\\\/500ml-bottle-mockup-without-bg-scaled.jpg\",\"datePublished\":\"2025-10-16T00:11:05+00:00\",\"dateModified\":\"2026-03-26T00:23:48+00:00\",\"breadcrumb\":{\"@id\":\"https:\\\/\\\/byrsahill.com\\\/product\\\/handpicked-red-chillies-2\\\/#breadcrumb\"},\"inLanguage\":\"fr-FR\",\"potentialAction\":[{\"@type\":\"ReadAction\",\"target\":[\"https:\\\/\\\/byrsahill.com\\\/product\\\/handpicked-red-chillies-2\\\/\"]}]},{\"@type\":\"ImageObject\",\"inLanguage\":\"fr-FR\",\"@id\":\"https:\\\/\\\/byrsahill.com\\\/product\\\/handpicked-red-chillies-2\\\/#primaryimage\",\"url\":\"https:\\\/\\\/byrsahill.com\\\/wp-content\\\/uploads\\\/2025\\\/10\\\/500ml-bottle-mockup-without-bg-scaled.jpg\",\"contentUrl\":\"https:\\\/\\\/byrsahill.com\\\/wp-content\\\/uploads\\\/2025\\\/10\\\/500ml-bottle-mockup-without-bg-scaled.jpg\",\"width\":2340,\"height\":2560},{\"@type\":\"BreadcrumbList\",\"@id\":\"https:\\\/\\\/byrsahill.com\\\/product\\\/handpicked-red-chillies-2\\\/#breadcrumb\",\"itemListElement\":[{\"@type\":\"ListItem\",\"position\":1,\"name\":\"Home\",\"item\":\"https:\\\/\\\/byrsahill.com\\\/\"},{\"@type\":\"ListItem\",\"position\":2,\"name\":\"Shop\",\"item\":\"https:\\\/\\\/byrsahill.com\\\/shop\\\/\"},{\"@type\":\"ListItem\",\"position\":3,\"name\":\"Premium Extra Virgin Olive Oil 500 ml\"}]},{\"@type\":\"WebSite\",\"@id\":\"https:\\\/\\\/byrsahill.com\\\/?currency=cad\\\/#website\",\"url\":\"https:\\\/\\\/byrsahill.com\\\/?currency=cad\\\/\",\"name\":\"BYRSA HILL\",\"description\":\"Old roots. New twist.\",\"publisher\":{\"@id\":\"https:\\\/\\\/byrsahill.com\\\/?currency=cad\\\/#organization\"},\"potentialAction\":[{\"@type\":\"SearchAction\",\"target\":{\"@type\":\"EntryPoint\",\"urlTemplate\":\"https:\\\/\\\/byrsahill.com\\\/?currency=cad\\\/?s={search_term_string}\"},\"query-input\":{\"@type\":\"PropertyValueSpecification\",\"valueRequired\":true,\"valueName\":\"search_term_string\"}}],\"inLanguage\":\"fr-FR\"},{\"@type\":\"Organization\",\"@id\":\"https:\\\/\\\/byrsahill.com\\\/?currency=cad\\\/#organization\",\"name\":\"BYRSA HILL\",\"url\":\"https:\\\/\\\/byrsahill.com\\\/?currency=cad\\\/\",\"logo\":{\"@type\":\"ImageObject\",\"inLanguage\":\"fr-FR\",\"@id\":\"https:\\\/\\\/byrsahill.com\\\/?currency=cad\\\/#\\\/schema\\\/logo\\\/image\\\/\",\"url\":\"https:\\\/\\\/byrsahill.com\\\/wp-content\\\/uploads\\\/2025\\\/10\\\/cropped-cropped-WhatsApp-Image-2024-12-08-at-18.43.12-e1760388550997.png\",\"contentUrl\":\"https:\\\/\\\/byrsahill.com\\\/wp-content\\\/uploads\\\/2025\\\/10\\\/cropped-cropped-WhatsApp-Image-2024-12-08-at-18.43.12-e1760388550997.png\",\"width\":512,\"height\":512,\"caption\":\"BYRSA HILL\"},\"image\":{\"@id\":\"https:\\\/\\\/byrsahill.com\\\/?currency=cad\\\/#\\\/schema\\\/logo\\\/image\\\/\"}}]}<\/script>\n<!-- \/ Yoast SEO plugin. -->","yoast_head_json":{"title":"Premium Extra Virgin Olive Oil 500 ml - BYRSA HILL","robots":{"index":"index","follow":"follow","max-snippet":"max-snippet:-1","max-image-preview":"max-image-preview:large","max-video-preview":"max-video-preview:-1"},"canonical":"https:\/\/byrsahill.com\/fr\/produit\/handpicked-red-chillies-2\/","og_locale":"fr_FR","og_type":"article","og_title":"Premium Extra Virgin Olive Oil 500 ml - BYRSA HILL","og_description":"Pressed from the finest olives and perfected through expert craftsmanship, this oil offers a smooth texture, delicate aroma, and rich, harmonious taste for the most discerning palates.","og_url":"https:\/\/byrsahill.com\/fr\/produit\/handpicked-red-chillies-2\/","og_site_name":"BYRSA HILL","article_modified_time":"2026-03-26T00:23:48+00:00","og_image":[{"width":2340,"height":2560,"url":"https:\/\/byrsahill.com\/wp-content\/uploads\/2025\/10\/500ml-bottle-mockup-without-bg-scaled.jpg","type":"image\/jpeg"}],"twitter_card":"summary_large_image","twitter_misc":{"Dur\u00e9e de lecture estim\u00e9e":"1 minute"},"schema":{"@context":"https:\/\/schema.org","@graph":[{"@type":"WebPage","@id":"https:\/\/byrsahill.com\/product\/handpicked-red-chillies-2\/","url":"https:\/\/byrsahill.com\/product\/handpicked-red-chillies-2\/","name":"Premium Extra Virgin Olive Oil 500 ml - BYRSA HILL","isPartOf":{"@id":"https:\/\/byrsahill.com\/?currency=cad\/#website"},"primaryImageOfPage":{"@id":"https:\/\/byrsahill.com\/product\/handpicked-red-chillies-2\/#primaryimage"},"image":{"@id":"https:\/\/byrsahill.com\/product\/handpicked-red-chillies-2\/#primaryimage"},"thumbnailUrl":"https:\/\/byrsahill.com\/wp-content\/uploads\/2025\/10\/500ml-bottle-mockup-without-bg-scaled.jpg","datePublished":"2025-10-16T00:11:05+00:00","dateModified":"2026-03-26T00:23:48+00:00","breadcrumb":{"@id":"https:\/\/byrsahill.com\/product\/handpicked-red-chillies-2\/#breadcrumb"},"inLanguage":"fr-FR","potentialAction":[{"@type":"ReadAction","target":["https:\/\/byrsahill.com\/product\/handpicked-red-chillies-2\/"]}]},{"@type":"ImageObject","inLanguage":"fr-FR","@id":"https:\/\/byrsahill.com\/product\/handpicked-red-chillies-2\/#primaryimage","url":"https:\/\/byrsahill.com\/wp-content\/uploads\/2025\/10\/500ml-bottle-mockup-without-bg-scaled.jpg","contentUrl":"https:\/\/byrsahill.com\/wp-content\/uploads\/2025\/10\/500ml-bottle-mockup-without-bg-scaled.jpg","width":2340,"height":2560},{"@type":"BreadcrumbList","@id":"https:\/\/byrsahill.com\/product\/handpicked-red-chillies-2\/#breadcrumb","itemListElement":[{"@type":"ListItem","position":1,"name":"Home","item":"https:\/\/byrsahill.com\/"},{"@type":"ListItem","position":2,"name":"Shop","item":"https:\/\/byrsahill.com\/shop\/"},{"@type":"ListItem","position":3,"name":"Premium Extra Virgin Olive Oil 500 ml"}]},{"@type":"WebSite","@id":"https:\/\/byrsahill.com\/?currency=cad\/#website","url":"https:\/\/byrsahill.com\/?currency=cad\/","name":"BYRSA HILL","description":"Des racines anciennes, une touche de modernit\u00e9.","publisher":{"@id":"https:\/\/byrsahill.com\/?currency=cad\/#organization"},"potentialAction":[{"@type":"SearchAction","target":{"@type":"EntryPoint","urlTemplate":"https:\/\/byrsahill.com\/?currency=cad\/?s={search_term_string}"},"query-input":{"@type":"PropertyValueSpecification","valueRequired":true,"valueName":"search_term_string"}}],"inLanguage":"fr-FR"},{"@type":"Organization","@id":"https:\/\/byrsahill.com\/?currency=cad\/#organization","name":"BYRSA HILL","url":"https:\/\/byrsahill.com\/?currency=cad\/","logo":{"@type":"ImageObject","inLanguage":"fr-FR","@id":"https:\/\/byrsahill.com\/?currency=cad\/#\/schema\/logo\/image\/","url":"https:\/\/byrsahill.com\/wp-content\/uploads\/2025\/10\/cropped-cropped-WhatsApp-Image-2024-12-08-at-18.43.12-e1760388550997.png","contentUrl":"https:\/\/byrsahill.com\/wp-content\/uploads\/2025\/10\/cropped-cropped-WhatsApp-Image-2024-12-08-at-18.43.12-e1760388550997.png","width":512,"height":512,"caption":"BYRSA HILL"},"image":{"@id":"https:\/\/byrsahill.com\/?currency=cad\/#\/schema\/logo\/image\/"}}]}},"uagb_featured_image_src":{"full":["https:\/\/byrsahill.com\/wp-content\/uploads\/2025\/10\/500ml-bottle-mockup-without-bg-scaled.jpg",2340,2560,false],"thumbnail":["https:\/\/byrsahill.com\/wp-content\/uploads\/2025\/10\/500ml-bottle-mockup-without-bg-150x150.jpg",150,150,true],"medium":["https:\/\/byrsahill.com\/wp-content\/uploads\/2025\/10\/500ml-bottle-mockup-without-bg-274x300.jpg",274,300,true],"medium_large":["https:\/\/byrsahill.com\/wp-content\/uploads\/2025\/10\/500ml-bottle-mockup-without-bg-768x840.jpg",768,840,true],"large":["https:\/\/byrsahill.com\/wp-content\/uploads\/2025\/10\/500ml-bottle-mockup-without-bg-936x1024.jpg",936,1024,true],"1536x1536":["https:\/\/byrsahill.com\/wp-content\/uploads\/2025\/10\/500ml-bottle-mockup-without-bg-1404x1536.jpg",1404,1536,true],"2048x2048":["https:\/\/byrsahill.com\/wp-content\/uploads\/2025\/10\/500ml-bottle-mockup-without-bg-1872x2048.jpg",1872,2048,true],"trp-custom-language-flag":["https:\/\/byrsahill.com\/wp-content\/uploads\/2025\/10\/500ml-bottle-mockup-without-bg-11x12.jpg",11,12,true],"mailpoet_newsletter_max":["https:\/\/byrsahill.com\/wp-content\/uploads\/2025\/10\/500ml-bottle-mockup-without-bg-1320x1444.jpg",1320,1444,true],"woocommerce_thumbnail":["https:\/\/byrsahill.com\/wp-content\/uploads\/2025\/10\/500ml-bottle-mockup-without-bg-300x300.jpg",300,300,true],"woocommerce_single":["https:\/\/byrsahill.com\/wp-content\/uploads\/2025\/10\/500ml-bottle-mockup-without-bg-500x547.jpg",500,547,true],"woocommerce_gallery_thumbnail":["https:\/\/byrsahill.com\/wp-content\/uploads\/2025\/10\/500ml-bottle-mockup-without-bg-100x100.jpg",100,100,true]},"uagb_author_info":{"display_name":"anisdhaou.ca","author_link":"https:\/\/byrsahill.com\/fr\/author\/"},"uagb_comment_info":0,"uagb_excerpt":"Pressed from the finest olives and perfected through expert craftsmanship, this oil offers a smooth texture, delicate aroma, and rich, harmonious taste for the most discerning palates.","_links":{"self":[{"href":"https:\/\/byrsahill.com\/fr\/wp-json\/wp\/v2\/product\/5740","targetHints":{"allow":["GET"]}}],"collection":[{"href":"https:\/\/byrsahill.com\/fr\/wp-json\/wp\/v2\/product"}],"about":[{"href":"https:\/\/byrsahill.com\/fr\/wp-json\/wp\/v2\/types\/product"}],"replies":[{"embeddable":true,"href":"https:\/\/byrsahill.com\/fr\/wp-json\/wp\/v2\/comments?post=5740"}],"wp:featuredmedia":[{"embeddable":true,"href":"https:\/\/byrsahill.com\/fr\/wp-json\/wp\/v2\/media\/6123"}],"wp:attachment":[{"href":"https:\/\/byrsahill.com\/fr\/wp-json\/wp\/v2\/media?parent=5740"}],"wp:term":[{"taxonomy":"product_brand","embeddable":true,"href":"https:\/\/byrsahill.com\/fr\/wp-json\/wp\/v2\/product_brand?post=5740"},{"taxonomy":"product_cat","embeddable":true,"href":"https:\/\/byrsahill.com\/fr\/wp-json\/wp\/v2\/product_cat?post=5740"},{"taxonomy":"product_tag","embeddable":true,"href":"https:\/\/byrsahill.com\/fr\/wp-json\/wp\/v2\/product_tag?post=5740"}],"curies":[{"name":"wp","href":"https:\/\/api.w.org\/{rel}","templated":true}]}}